{"id":7,"date":"2018-11-27T09:17:42","date_gmt":"2018-11-27T08:17:42","guid":{"rendered":"http:\/\/demo.t-pirc.ekoinfo.si\/projects\/"},"modified":"2022-05-13T11:40:28","modified_gmt":"2022-05-13T10:40:28","slug":"skladisce","status":"publish","type":"page","link":"https:\/\/t-pirc.si\/en\/skladisce\/","title":{"rendered":"Warehouse"},"content":{"rendered":"<style>\/*! elementor - v3.6.5 - 27-04-2022 *\/\n.elementor-heading-title{padding:0;margin:0;line-height:1}.elementor-widget-heading .elementor-heading-title[class*=elementor-size-]>a{color:inherit;font-size:inherit;line-height:inherit}.elementor-widget-heading .elementor-heading-title.elementor-size-small{font-size:15px}.elementor-widget-heading .elementor-heading-title.elementor-size-medium{font-size:19px}.elementor-widget-heading .elementor-heading-title.elementor-size-large{font-size:29px}.elementor-widget-heading .elementor-heading-title.elementor-size-xl{font-size:39px}.elementor-widget-heading .elementor-heading-title.elementor-size-xxl{font-size:59px}<\/style>\n<h2>Our Warehouse<\/h2>\n<style>\/*! elementor - v3.6.5 - 27-04-2022 *\/\n.elementor-widget-image-box .elementor-image-box-content{width:100%}@media (min-width:768px){.elementor-widget-image-box.elementor-position-left .elementor-image-box-wrapper,.elementor-widget-image-box.elementor-position-right .elementor-image-box-wrapper{display:-webkit-box;display:-ms-flexbox;display:flex}.elementor-widget-image-box.elementor-position-right .elementor-image-box-wrapper{text-align:right;-webkit-box-orient:horizontal;-webkit-box-direction:reverse;-ms-flex-direction:row-reverse;flex-direction:row-reverse}.elementor-widget-image-box.elementor-position-left .elementor-image-box-wrapper{text-align:left;-webkit-box-orient:horizontal;-webkit-box-direction:normal;-ms-flex-direction:row;flex-direction:row}.elementor-widget-image-box.elementor-position-top .elementor-image-box-img{margin:auto}.elementor-widget-image-box.elementor-vertical-align-top .elementor-image-box-wrapper{-webkit-box-align:start;-ms-flex-align:start;align-items:flex-start}.elementor-widget-image-box.elementor-vertical-align-middle .elementor-image-box-wrapper{-webkit-box-align:center;-ms-flex-align:center;align-items:center}.elementor-widget-image-box.elementor-vertical-align-bottom .elementor-image-box-wrapper{-webkit-box-align:end;-ms-flex-align:end;align-items:flex-end}}@media (max-width:767px){.elementor-widget-image-box .elementor-image-box-img{margin-left:auto!important;margin-right:auto!important;margin-bottom:15px}}.elementor-widget-image-box .elementor-image-box-img{display:inline-block}.elementor-widget-image-box .elementor-image-box-title a{color:inherit}.elementor-widget-image-box .elementor-image-box-wrapper{text-align:center}.elementor-widget-image-box .elementor-image-box-description{margin:0}<\/style>\n<p>In 2008, we opened a new branch in Drenovo Gri\u010d. We also have our own warehouse where we receive shipments for a variety of customers and destinations. We have approximately 600 m2 of covered storage areas and approximately 2000 m2 of uncovered storage areas for non-customs controlled goods<\/p>\n<style>\/*! elementor - v3.6.5 - 27-04-2022 *\/\n.elementor-widget-image-carousel .swiper-container{position:static}.elementor-widget-image-carousel .swiper-container .swiper-slide figure{line-height:inherit}.elementor-widget-image-carousel .swiper-slide{text-align:center}.elementor-image-carousel-wrapper:not(.swiper-container-initialized) .swiper-slide{max-width:calc(100% \/ var(--e-image-carousel-slides-to-show, 3))}<\/style>\n<figure><img decoding=\"async\" src=\"https:\/\/t-pirc.si\/wp-content\/uploads\/elementor\/thumbs\/DSC_4425-scaled-pop9e0wlpd01skzrxokran1glm53exajkac3vxrmzc.jpg\" alt=\"DSC_4425\" \/><\/figure>\n<figure><img decoding=\"async\" src=\"https:\/\/t-pirc.si\/wp-content\/uploads\/elementor\/thumbs\/DSC_4426-scaled-pop9d32evbpq6mcxf9y6svkv7qrvptk7fmumlz5t7c.jpg\" alt=\"DSC_4426\" \/><\/figure>\n<figure><img decoding=\"async\" src=\"https:\/\/t-pirc.si\/wp-content\/uploads\/elementor\/thumbs\/DSC_4441-scaled-ponhm9v9meahinp7ibxueyqdchltk1bj9dhdglp82g.jpg\" alt=\"DSC_4441\" \/><\/figure>\n<figure><img decoding=\"async\" src=\"https:\/\/t-pirc.si\/wp-content\/uploads\/elementor\/thumbs\/DSC_4442-scaled-ponhjeh0qmcy1jvea38vsoto03rg1bx275pyo5yj2w.jpg\" alt=\"DSC_4442\" \/><\/figure>\n<figure><img decoding=\"async\" src=\"https:\/\/t-pirc.si\/wp-content\/uploads\/elementor\/thumbs\/DSC_4442-1-scaled-pop99m1vmcylaheip9wt394k7hw2a2rwmg31s6b66w.jpg\" alt=\"DSC_4442\" \/><\/figure>","protected":false},"excerpt":{"rendered":"<p>NA\u0160E SKLADI\u0160\u010cE V letu 2008 smo odprli novo poslovalnico na Drenovem Gri\u010du. Tu imamo tudi lastno skladi\u0161\u010de, kjer zbiramo po\u0161iljke za razne kupce in destinacije. Razpolagamo z cca 600 m2 pokritih skladi\u0161\u010dnih povr\u0161in in cca 2000 m2 odkritih skladi\u0161\u010dnih povr\u0161in namenjenih blagu, ki ni pod carinskim nadzorom.<\/p>","protected":false},"author":1,"featured_media":0,"parent":0,"menu_order":0,"comment_status":"closed","ping_status":"closed","template":"","meta":{"_et_pb_use_builder":"","_et_pb_old_content":"","_et_gb_content_width":"","_monsterinsights_skip_tracking":false,"_monsterinsights_sitenote_active":false,"_monsterinsights_sitenote_note":"","_monsterinsights_sitenote_category":0,"site-sidebar-layout":"no-sidebar","site-content-layout":"page-builder","ast-global-header-display":"","ast-main-header-display":"","ast-hfb-above-header-display":"","ast-hfb-below-header-display":"","ast-hfb-mobile-header-display":"","site-post-title":"disabled","ast-breadcrumbs-content":"","ast-featured-img":"disabled","footer-sml-layout":"","theme-transparent-header-meta":"enabled","adv-header-id-meta":"","stick-header-meta":"","header-above-stick-meta":"","header-main-stick-meta":"","header-below-stick-meta":"","footnotes":""},"class_list":["post-7","page","type-page","status-publish","hentry"],"aioseo_notices":[],"_links":{"self":[{"href":"https:\/\/t-pirc.si\/en\/wp-json\/wp\/v2\/pages\/7","targetHints":{"allow":["GET"]}}],"collection":[{"href":"https:\/\/t-pirc.si\/en\/wp-json\/wp\/v2\/pages"}],"about":[{"href":"https:\/\/t-pirc.si\/en\/wp-json\/wp\/v2\/types\/page"}],"author":[{"embeddable":true,"href":"https:\/\/t-pirc.si\/en\/wp-json\/wp\/v2\/users\/1"}],"replies":[{"embeddable":true,"href":"https:\/\/t-pirc.si\/en\/wp-json\/wp\/v2\/comments?post=7"}],"version-history":[{"count":16,"href":"https:\/\/t-pirc.si\/en\/wp-json\/wp\/v2\/pages\/7\/revisions"}],"predecessor-version":[{"id":25451,"href":"https:\/\/t-pirc.si\/en\/wp-json\/wp\/v2\/pages\/7\/revisions\/25451"}],"wp:attachment":[{"href":"https:\/\/t-pirc.si\/en\/wp-json\/wp\/v2\/media?parent=7"}],"curies":[{"name":"wp","href":"https:\/\/api.w.org\/{rel}","templated":true}]}}