{"id":6,"date":"2018-11-27T09:17:28","date_gmt":"2018-11-27T08:17:28","guid":{"rendered":"http:\/\/demo.t-pirc.ekoinfo.si\/services\/"},"modified":"2022-05-13T11:38:06","modified_gmt":"2022-05-13T10:38:06","slug":"storitve","status":"publish","type":"page","link":"https:\/\/t-pirc.si\/en\/storitve\/","title":{"rendered":"Services"},"content":{"rendered":"<style>\/*! elementor - v3.6.5 - 27-04-2022 *\/\n.elementor-heading-title{padding:0;margin:0;line-height:1}.elementor-widget-heading .elementor-heading-title[class*=elementor-size-]>a{color:inherit;font-size:inherit;line-height:inherit}.elementor-widget-heading .elementor-heading-title.elementor-size-small{font-size:15px}.elementor-widget-heading .elementor-heading-title.elementor-size-medium{font-size:19px}.elementor-widget-heading .elementor-heading-title.elementor-size-large{font-size:29px}.elementor-widget-heading .elementor-heading-title.elementor-size-xl{font-size:39px}.elementor-widget-heading .elementor-heading-title.elementor-size-xxl{font-size:59px}<\/style>\n<h1>Types of transport and <b>destination<\/b><\/h1>\n<h2>Types of transport we provide<br \/>\n<\/h2>\n<style>\/*! elementor - v3.6.5 - 27-04-2022 *\/\n.elementor-widget-divider{--divider-border-style:none;--divider-border-width:1px;--divider-color:#2c2c2c;--divider-icon-size:20px;--divider-element-spacing:10px;--divider-pattern-height:24px;--divider-pattern-size:20px;--divider-pattern-url:none;--divider-pattern-repeat:repeat-x}.elementor-widget-divider .elementor-divider{display:-webkit-box;display:-ms-flexbox;display:flex}.elementor-widget-divider .elementor-divider__text{font-size:15px;line-height:1;max-width:95%}.elementor-widget-divider .elementor-divider__element{margin:0 var(--divider-element-spacing);-ms-flex-negative:0;flex-shrink:0}.elementor-widget-divider .elementor-icon{font-size:var(--divider-icon-size)}.elementor-widget-divider .elementor-divider-separator{display:-webkit-box;display:-ms-flexbox;display:flex;margin:0;direction:ltr}.elementor-widget-divider--view-line_icon .elementor-divider-separator,.elementor-widget-divider--view-line_text .elementor-divider-separator{-webkit-box-align:center;-ms-flex-align:center;align-items:center}.elementor-widget-divider--view-line_icon .elementor-divider-separator:after,.elementor-widget-divider--view-line_icon .elementor-divider-separator:before,.elementor-widget-divider--view-line_text .elementor-divider-separator:after,.elementor-widget-divider--view-line_text .elementor-divider-separator:before{display:block;content:\"\";border-bottom:0;-webkit-box-flex:1;-ms-flex-positive:1;flex-grow:1;border-top:var(--divider-border-width) var(--divider-border-style) var(--divider-color)}.elementor-widget-divider--element-align-left .elementor-divider .elementor-divider-separator>.elementor-divider__svg:first-of-type{-webkit-box-flex:0;-ms-flex-positive:0;flex-grow:0;-ms-flex-negative:100;flex-shrink:100}.elementor-widget-divider--element-align-left .elementor-divider-separator:before{content:none}.elementor-widget-divider--element-align-left .elementor-divider__element{margin-left:0}.elementor-widget-divider--element-align-right .elementor-divider .elementor-divider-separator>.elementor-divider__svg:last-of-type{-webkit-box-flex:0;-ms-flex-positive:0;flex-grow:0;-ms-flex-negative:100;flex-shrink:100}.elementor-widget-divider--element-align-right .elementor-divider-separator:after{content:none}.elementor-widget-divider--element-align-right .elementor-divider__element{margin-right:0}.elementor-widget-divider:not(.elementor-widget-divider--view-line_text):not(.elementor-widget-divider--view-line_icon) .elementor-divider-separator{border-top:var(--divider-border-width) var(--divider-border-style) var(--divider-color)}.elementor-widget-divider--separator-type-pattern{--divider-border-style:none}.elementor-widget-divider--separator-type-pattern.elementor-widget-divider--view-line .elementor-divider-separator,.elementor-widget-divider--separator-type-pattern:not(.elementor-widget-divider--view-line) .elementor-divider-separator:after,.elementor-widget-divider--separator-type-pattern:not(.elementor-widget-divider--view-line) .elementor-divider-separator:before,.elementor-widget-divider--separator-type-pattern:not([class*=elementor-widget-divider--view]) .elementor-divider-separator{width:100%;min-height:var(--divider-pattern-height);-webkit-mask-size:var(--divider-pattern-size) 100%;mask-size:var(--divider-pattern-size) 100%;-webkit-mask-repeat:var(--divider-pattern-repeat);mask-repeat:var(--divider-pattern-repeat);background-color:var(--divider-color);-webkit-mask-image:var(--divider-pattern-url);mask-image:var(--divider-pattern-url)}.elementor-widget-divider--no-spacing{--divider-pattern-size:auto}.elementor-widget-divider--bg-round{--divider-pattern-repeat:round}.rtl .elementor-widget-divider .elementor-divider__text{direction:rtl}<\/style>\n<p>We specialize in transporting loads up to 25t and volumes up to 120 m3. We provide the following transportation services:<\/p>\n<link rel=\"stylesheet\" href=\"https:\/\/t-pirc.si\/wp-content\/plugins\/elementor\/assets\/css\/widget-icon-list.min.css\">\n<ul>\n<li>\n\t\t\t\t\t\t\t\t\t\tclassic transport with tarpaulin of 1-38 pallets\n\t\t\t\t\t\t\t\t\t<\/li>\n<li>\n\t\t\t\t\t\t\t\t\t\tgroupage transport\n\t\t\t\t\t\t\t\t\t<\/li>\n<li>\n\t\t\t\t\t\t\t\t\t\ttransport of furniture\n\t\t\t\t\t\t\t\t\t<\/li>\n<li>\n\t\t\t\t\t\t\t\t\t\ttransport of textiles and materials\n\t\t\t\t\t\t\t\t\t<\/li>\n<li>\n\t\t\t\t\t\t\t\t\t\ttransport of all types of cargo with dimensions no greater than 13.6 m in length, 2.50 m in width, and 3.05 m in height.\n\t\t\t\t\t\t\t\t\t<\/li>\n<\/ul>\n<style>\/*! elementor - v3.6.5 - 27-04-2022 *\/\n.elementor-widget-image-carousel .swiper-container{position:static}.elementor-widget-image-carousel .swiper-container .swiper-slide figure{line-height:inherit}.elementor-widget-image-carousel .swiper-slide{text-align:center}.elementor-image-carousel-wrapper:not(.swiper-container-initialized) .swiper-slide{max-width:calc(100% \/ var(--e-image-carousel-slides-to-show, 3))}<\/style>\n<figure><img decoding=\"async\" src=\"https:\/\/t-pirc.si\/wp-content\/uploads\/2022\/05\/DJI_0570-150x150.jpg\" alt=\"default\" \/><\/figure>\n<figure><img decoding=\"async\" src=\"https:\/\/t-pirc.si\/wp-content\/uploads\/2022\/05\/DSC_4431-150x150.jpg\" alt=\"DSC_4431\" \/><\/figure>\n<figure><img decoding=\"async\" src=\"https:\/\/t-pirc.si\/wp-content\/uploads\/2022\/05\/DJI_0575-1-150x150.jpg\" alt=\"default\" \/><\/figure>\n<figure><img decoding=\"async\" src=\"https:\/\/t-pirc.si\/wp-content\/uploads\/2022\/05\/DJI_0573-150x150.jpg\" alt=\"default\" \/><\/figure>\n<figure><img decoding=\"async\" src=\"https:\/\/t-pirc.si\/wp-content\/uploads\/2022\/05\/DSC_4426-150x150.jpg\" alt=\"DSC_4426\" \/><\/figure>\n<figure><img decoding=\"async\" src=\"https:\/\/t-pirc.si\/wp-content\/uploads\/2022\/05\/DSC_4442-2-150x150.jpg\" alt=\"DSC_4442\" \/><\/figure>\n<h3>WHERE DO WE DRIVE? <\/h3>\n<h5>Main destinations: <\/h5>\n<ul>\n<li>\n\t\t\t\t\t\t\t\t\t\tGermany\n\t\t\t\t\t\t\t\t\t<\/li>\n<li>\n\t\t\t\t\t\t\t\t\t\tFrance\n\t\t\t\t\t\t\t\t\t<\/li>\n<\/ul>\n<h5>Frequent destinations: <\/h5>\n<ul>\n<li>\n\t\t\t\t\t\t\t\t\t\tNetherlands\n\t\t\t\t\t\t\t\t\t<\/li>\n<li>\n\t\t\t\t\t\t\t\t\t\tBelgium\n\t\t\t\t\t\t\t\t\t<\/li>\n<li>\n\t\t\t\t\t\t\t\t\t\tLuxembourg\n\t\t\t\t\t\t\t\t\t<\/li>\n<li>\n\t\t\t\t\t\t\t\t\t\tDenmark\n\t\t\t\t\t\t\t\t\t<\/li>\n<li>\n\t\t\t\t\t\t\t\t\t\tSpain\n\t\t\t\t\t\t\t\t\t<\/li>\n<li>\n\t\t\t\t\t\t\t\t\t\tCroatia\n\t\t\t\t\t\t\t\t\t<\/li>\n<li>\n\t\t\t\t\t\t\t\t\t\tSwitzerland\n\t\t\t\t\t\t\t\t\t<\/li>\n<li>\n\t\t\t\t\t\t\t\t\t\tItaly\n\t\t\t\t\t\t\t\t\t<\/li>\n<\/ul>\n<h5>Less frequent destinations: <\/h5>\n<ul>\n<li>\n\t\t\t\t\t\t\t\t\t\tPortugal\n\t\t\t\t\t\t\t\t\t<\/li>\n<li>\n\t\t\t\t\t\t\t\t\t\tPoland\n\t\t\t\t\t\t\t\t\t<\/li>\n<li>\n\t\t\t\t\t\t\t\t\t\tCzech Republic\n\t\t\t\t\t\t\t\t\t<\/li>\n<li>\n\t\t\t\t\t\t\t\t\t\tSlovakia\n\t\t\t\t\t\t\t\t\t<\/li>\n<li>\n\t\t\t\t\t\t\t\t\t\tHungary\n\t\t\t\t\t\t\t\t\t<\/li>\n<li>\n\t\t\t\t\t\t\t\t\t\tBosnia and Herzegovina\n\t\t\t\t\t\t\t\t\t<\/li>\n<li>\n\t\t\t\t\t\t\t\t\t\tSerbia\n\t\t\t\t\t\t\t\t\t<\/li>\n<li>\n\t\t\t\t\t\t\t\t\t\tMontenegro\n\t\t\t\t\t\t\t\t\t<\/li>\n<li>\n\t\t\t\t\t\t\t\t\t\tMacedonia\n\t\t\t\t\t\t\t\t\t<\/li>\n<li>\n\t\t\t\t\t\t\t\t\t\tAlbania\n\t\t\t\t\t\t\t\t\t<\/li>\n<li>\n\t\t\t\t\t\t\t\t\t\tGreece\n\t\t\t\t\t\t\t\t\t<\/li>\n<\/ul>\n<style>\/*! elementor - v3.6.5 - 27-04-2022 *\/\n.elementor-widget-image{text-align:center}.elementor-widget-image a{display:inline-block}.elementor-widget-image a img[src$=\".svg\"]{width:48px}.elementor-widget-image img{vertical-align:middle;display:inline-block}<\/style>\n<p>\t\t\t\t\t\t\t\t\t\t\t\t<img decoding=\"async\" width=\"500\" height=\"508\" src=\"https:\/\/t-pirc.si\/wp-content\/uploads\/2022\/05\/eu.png\" alt=\"\" loading=\"lazy\" srcset=\"https:\/\/t-pirc.si\/wp-content\/uploads\/2022\/05\/eu.png 500w, https:\/\/t-pirc.si\/wp-content\/uploads\/2022\/05\/eu-295x300.png 295w, https:\/\/t-pirc.si\/wp-content\/uploads\/2022\/05\/eu-12x12.png 12w\" sizes=\"auto, (max-width: 500px) 100vw, 500px\" \/><\/p>","protected":false},"excerpt":{"rendered":"<p>VRSTE PREVOZOV IN DESTINACIJE Vrste prevozov katere opravljamo Specializirani smo za prevoze tovorov mase do 25t, ter volumna do 120 m3. Na podro\u010dju prevozov vam nudimo: klasi\u010dni prevozi s ponjavo od 1-38 palet zbirni prevozi prevoz pohi\u0161tva prevoz tekstila in vise\u010de konfekcije prevoz vseh vrst tovora katere mere ne presegajo dol\u017eine 13,6m, \u0161irine 2,50m in &hellip;<\/p>\n<p class=\"read-more\"> <a class=\"\" href=\"https:\/\/t-pirc.si\/en\/storitve\/\"> <span class=\"screen-reader-text\">Services<\/span> Read More &raquo;<\/a><\/p>","protected":false},"author":1,"featured_media":0,"parent":0,"menu_order":0,"comment_status":"closed","ping_status":"closed","template":"","meta":{"_et_pb_use_builder":"","_et_pb_old_content":"","_et_gb_content_width":"","_monsterinsights_skip_tracking":false,"_monsterinsights_sitenote_active":false,"_monsterinsights_sitenote_note":"","_monsterinsights_sitenote_category":0,"site-sidebar-layout":"no-sidebar","site-content-layout":"page-builder","ast-global-header-display":"","ast-main-header-display":"","ast-hfb-above-header-display":"","ast-hfb-below-header-display":"","ast-hfb-mobile-header-display":"","site-post-title":"disabled","ast-breadcrumbs-content":"","ast-featured-img":"disabled","footer-sml-layout":"","theme-transparent-header-meta":"enabled","adv-header-id-meta":"","stick-header-meta":"","header-above-stick-meta":"","header-main-stick-meta":"","header-below-stick-meta":"","footnotes":""},"class_list":["post-6","page","type-page","status-publish","hentry"],"aioseo_notices":[],"_links":{"self":[{"href":"https:\/\/t-pirc.si\/en\/wp-json\/wp\/v2\/pages\/6","targetHints":{"allow":["GET"]}}],"collection":[{"href":"https:\/\/t-pirc.si\/en\/wp-json\/wp\/v2\/pages"}],"about":[{"href":"https:\/\/t-pirc.si\/en\/wp-json\/wp\/v2\/types\/page"}],"author":[{"embeddable":true,"href":"https:\/\/t-pirc.si\/en\/wp-json\/wp\/v2\/users\/1"}],"replies":[{"embeddable":true,"href":"https:\/\/t-pirc.si\/en\/wp-json\/wp\/v2\/comments?post=6"}],"version-history":[{"count":28,"href":"https:\/\/t-pirc.si\/en\/wp-json\/wp\/v2\/pages\/6\/revisions"}],"predecessor-version":[{"id":25442,"href":"https:\/\/t-pirc.si\/en\/wp-json\/wp\/v2\/pages\/6\/revisions\/25442"}],"wp:attachment":[{"href":"https:\/\/t-pirc.si\/en\/wp-json\/wp\/v2\/media?parent=6"}],"curies":[{"name":"wp","href":"https:\/\/api.w.org\/{rel}","templated":true}]}}