{"id":25218,"date":"2018-11-27T09:17:08","date_gmt":"2018-11-27T08:17:08","guid":{"rendered":"http:\/\/demo.t-pirc.ekoinfo.si\/about\/"},"modified":"2022-08-23T10:07:23","modified_gmt":"2022-08-23T09:07:23","slug":"o-nas","status":"publish","type":"page","link":"https:\/\/t-pirc.si\/en\/o-nas\/","title":{"rendered":"About us"},"content":{"rendered":"<p>[et_pb_section fb_built=&#8221;1&#8243; admin_label=&#8221;Header&#8221; _builder_version=&#8221;4.17.4&#8243; _module_preset=&#8221;default&#8221; background_color=&#8221;RGBA(255,255,255,0)&#8221; background_image=&#8221;https:\/\/t-pirc.si\/wp-content\/uploads\/2022\/06\/DJI_0576.jpg&#8221; background_blend=&#8221;darken&#8221; background_enable_mask_style=&#8221;on&#8221; background_mask_style=&#8221;corner-square&#8221; background_mask_color=&#8221;#000000&#8243; background_mask_transform=&#8221;flip_horizontal&#8221; background_mask_size=&#8221;cover&#8221; background_mask_blend_mode=&#8221;soft-light&#8221; min_height=&#8221;1125.6px&#8221; custom_margin=&#8221;||0px||false|false&#8221; custom_padding=&#8221;||0px||false|false&#8221; global_colors_info=&#8221;{}&#8221;][et_pb_row _builder_version=&#8221;4.17.4&#8243; _module_preset=&#8221;default&#8221; min_height=&#8221;256.8px&#8221; global_colors_info=&#8221;{}&#8221;][et_pb_column type=&#8221;4_4&#8243; _builder_version=&#8221;4.17.4&#8243; _module_preset=&#8221;default&#8221; global_colors_info=&#8221;{}&#8221;][\/et_pb_column][\/et_pb_row][et_pb_row column_structure=&#8221;1_3,2_3&#8243; custom_padding_last_edited=&#8221;on|phone&#8221; _builder_version=&#8221;4.16&#8243; _module_preset=&#8221;default&#8221; background_color=&#8221;#FFFFFF&#8221; background_color_gradient_direction=&#8221;105deg&#8221; min_height=&#8221;1425.3px&#8221; custom_margin=&#8221;-152px|398px|-271px|auto||&#8221; custom_padding=&#8221;75px|60px||60px|false|true&#8221; custom_padding_tablet=&#8221;|30px||30px|false|true&#8221; custom_padding_phone=&#8221;|20px||20px|false|true&#8221; box_shadow_style=&#8221;preset1&#8243; box_shadow_blur=&#8221;80px&#8221; box_shadow_color=&#8221;rgba(0,0,0,0.1)&#8221; global_colors_info=&#8221;{}&#8221;][et_pb_column type=&#8221;1_3&#8243; _builder_version=&#8221;4.16&#8243; _module_preset=&#8221;default&#8221; global_colors_info=&#8221;{}&#8221;][et_pb_image src=&#8221;https:\/\/t-pirc.si\/wp-content\/uploads\/2022\/05\/DJI_0573-scaled.jpg&#8221; align_tablet=&#8221;center&#8221; align_phone=&#8221;&#8221; align_last_edited=&#8221;on|phone&#8221; _builder_version=&#8221;4.17.4&#8243; _module_preset=&#8221;default&#8221; width=&#8221;191.9%&#8221; custom_margin=&#8221;-40%|-28px|-34px|-85.1%|false|false&#8221; custom_margin_tablet=&#8221;0%|0px||0px|false|true&#8221; custom_margin_phone=&#8221;&#8221; custom_margin_last_edited=&#8221;on|phone&#8221; custom_padding=&#8221;||1px|||&#8221; global_colors_info=&#8221;{}&#8221;][\/et_pb_image][\/et_pb_column][et_pb_column type=&#8221;2_3&#8243; _builder_version=&#8221;4.16&#8243; _module_preset=&#8221;default&#8221; custom_padding=&#8221;80px||40px||false|false&#8221; global_colors_info=&#8221;{}&#8221;][et_pb_text _builder_version=&#8221;4.17.4&#8243; _module_preset=&#8221;default&#8221; text_text_color=&#8221;#0C71C3&#8243; header_text_color=&#8221;#0C71C3&#8243; header_4_font=&#8221;Archivo|600||on|||||&#8221; header_4_text_color=&#8221;#0C71C3&#8243; header_4_font_size=&#8221;13px&#8221; header_4_letter_spacing=&#8221;1px&#8221; header_4_line_height=&#8221;1.5em&#8221; custom_margin=&#8221;||0px||false|false&#8221; header_4_font_size_tablet=&#8221;&#8221; header_4_font_size_phone=&#8221;&#8221; header_4_font_size_last_edited=&#8221;on|desktop&#8221; locked=&#8221;off&#8221; global_colors_info=&#8221;{}&#8221;]<\/p>\n<h4>ABOUT US<\/h4>\n<p>[\/et_pb_text][et_pb_text _builder_version=&#8221;4.17.4&#8243; _module_preset=&#8221;default&#8221; header_2_font=&#8221;Barlow Condensed||||||||&#8221; header_2_text_color=&#8221;#000000&#8243; header_2_font_size=&#8221;64px&#8221; header_2_line_height=&#8221;1.1em&#8221; custom_margin=&#8221;||16px||false|false&#8221; animation_direction=&#8221;left&#8221; header_2_font_size_tablet=&#8221;32px&#8221; header_2_font_size_phone=&#8221;20px&#8221; header_2_font_size_last_edited=&#8221;on|desktop&#8221; locked=&#8221;off&#8221; global_colors_info=&#8221;{}&#8221;]<\/p>\n<h2><span>We are a growing private company with a vision, tradition, and extensive experience in international transportation.<\/span><\/h2>\n<p>[\/et_pb_text][et_pb_text _builder_version=&#8221;4.17.4&#8243; _module_preset=&#8221;default&#8221; text_font=&#8221;Archivo||||||||&#8221; text_text_color=&#8221;rgba(0,0,0,0.72)&#8221; text_font_size=&#8221;16px&#8221; text_line_height=&#8221;1.8em&#8221; text_font_size_tablet=&#8221;15px&#8221; text_font_size_phone=&#8221;14px&#8221; text_font_size_last_edited=&#8221;on|phone&#8221; header_font_size_tablet=&#8221;55px&#8221; header_font_size_last_edited=&#8221;off|desktop&#8221; locked=&#8221;off&#8221; global_colors_info=&#8221;{}&#8221;]<\/p>\n<p>We are a growing private company with a vision, tradition, and extensive experience in international transportation.\u00a0<\/p>\n<p>Miro Pirc established Miro Pirc s.p. in 1986.\u00a0\u00a0<br \/>He bought his first truck and began transporting textiles along the Slovenia-Germany-Slovenia route\u00a0<\/p>\n<p class=\" translation-block\">The Company T-Pirc d.o.o. Neb\u010deva 104, Lavrica, 1291 \u0160kofljica was established in 1992. Pirc Miro and Pirc Tatjana are the owners and founders.\n\nIn 2022, the company employs 28 workers.\n\nIn the last 36 years, we have gained a lot of experience in the field of international transportation. Today, we can provide our customers with high-quality, timely service in the field of international transportation and logistics.\n\nWe provide you with modern vehicles and dependable drivers. Vehicles are on average 3 years old and equipped with a modern navigation system, which means that breakdowns are unlikely, and your goods will arrive at the agreed-upon location and time.\n\nThis year, we are updating our transportation and logistics program:\n\nthe customer will be notified via email when their goods are loaded\n\nthey will be able to see where their goods are at any time\n\nthe customer will be notified via email when the goods are unloaded\n\nthe customer will receive an eCMR and an e-Invoice via email as soon as possible\n\nIn 2008, we opened a new branch in Drenovo Gri\u010d.\n\nWe have 2 warehouses where we receive shipments for a variety of customers and destinations. We have approximately 1200m2 of unheated storage, 500m2 of heated storage, and approximately 2000m2 of uncovered storage areas for non-customs controlled goods.\n\nWe use our own vehicles to transport goods. Our fleet currently consists of 23 vehicles, ranging from towing trucks and trailers to smaller trucks designed to transport smaller and faster shipments. For smaller shipments that cannot be accessed by a heavy goods vehicle, we have a van with a load capacity of 1400 kg<\/p>\n<p>[\/et_pb_text][et_pb_blurb title=&#8221;V na\u0161i organizaciji dela tudi veliko stalnih kooperantov, katere skrbno izbiramo in spremljamo njihovo delo.&#8221; use_icon=&#8221;on&#8221; font_icon=&#8221;&#xe08b;||divi||400&#8243; icon_color=&#8221;#FFFFFF&#8221; image_icon_background_color=&#8221;#05060d&#8221; icon_placement=&#8221;left&#8221; image_icon_width=&#8221;16px&#8221; content_max_width=&#8221;100%&#8221; _builder_version=&#8221;4.17.4&#8243; _module_preset=&#8221;default&#8221; header_font=&#8221;Barlow Condensed|500|||||||&#8221; header_text_color=&#8221;#05060d&#8221; header_line_height=&#8221;1.5em&#8221; image_icon_custom_padding=&#8221;8px|8px|8px|8px|false|false&#8221; animation_style=&#8221;slide&#8221; animation_direction=&#8221;left&#8221; animation=&#8221;off&#8221; header_font_size_tablet=&#8221;16px&#8221; header_font_size_phone=&#8221;15px&#8221; header_font_size_last_edited=&#8221;on|phone&#8221; border_radii_image=&#8221;on|100%|100%|100%|100%&#8221; use_circle=&#8221;on&#8221; circle_color=&#8221;#05060d&#8221; locked=&#8221;off&#8221; global_colors_info=&#8221;{}&#8221; image_icon_background_color__sticky_enabled=&#8221;#7EBEC5&#8243; image_icon_background_color__sticky=&#8221;#7EBEC5&#8243;][\/et_pb_blurb][et_pb_blurb title=&#8221;Cilj na\u0161ega podjetja je kakovostna organizacija in izvedba transporta ter neprestano odzivanje na potrebe na\u0161ih strank z vozili, ki ustrezajo najstro\u017ejim ekolo\u0161kim kriterijem.&#8221; use_icon=&#8221;on&#8221; font_icon=&#8221;&#xf4d8;||fa||900&#8243; icon_color=&#8221;#FFFFFF&#8221; image_icon_background_color=&#8221;#05060d&#8221; icon_placement=&#8221;left&#8221; image_icon_width=&#8221;16px&#8221; content_max_width=&#8221;100%&#8221; _builder_version=&#8221;4.17.4&#8243; _module_preset=&#8221;default&#8221; header_font=&#8221;Barlow Condensed|500|||||||&#8221; header_text_color=&#8221;#05060d&#8221; header_line_height=&#8221;1.5em&#8221; image_icon_custom_padding=&#8221;8px|8px|8px|8px|false|false&#8221; animation_style=&#8221;slide&#8221; animation_direction=&#8221;left&#8221; animation=&#8221;off&#8221; header_font_size_tablet=&#8221;16px&#8221; header_font_size_phone=&#8221;15px&#8221; header_font_size_last_edited=&#8221;on|phone&#8221; border_radii_image=&#8221;on|100%|100%|100%|100%&#8221; use_circle=&#8221;on&#8221; circle_color=&#8221;#05060d&#8221; locked=&#8221;off&#8221; global_colors_info=&#8221;{}&#8221; image_icon_background_color__sticky_enabled=&#8221;#7EBEC5&#8243; image_icon_background_color__sticky=&#8221;#7EBEC5&#8243;][\/et_pb_blurb][\/et_pb_column][\/et_pb_row][et_pb_row _builder_version=&#8221;4.17.4&#8243; _module_preset=&#8221;default&#8221; custom_padding=&#8221;||75px|||&#8221; global_colors_info=&#8221;{}&#8221;][et_pb_column type=&#8221;4_4&#8243; _builder_version=&#8221;4.17.4&#8243; _module_preset=&#8221;default&#8221; global_colors_info=&#8221;{}&#8221;][\/et_pb_column][\/et_pb_row][\/et_pb_section]<\/p>","protected":false},"excerpt":{"rendered":"<p>O NAS Smo rasto\u010de privatno podjetje z vizijo, tradicijo in bogatimi izku\u0161njami na podro\u010dju mednarodnih prevozov. Smo rasto\u010de privatno podjetje z vizijo, tradicijo in bogatimi izku\u0161njami na podro\u010dju mednarodnih prevozov.\u00a0 Leta 1986 je Pirc Miro ustanovil Miro Pirc s.p.\u00a0\u00a0Kupil svoj prvi kamion in z njim za\u010del voziti tekstil na relaciji Slovenija &#8211;\u00a0 Nem\u010dija \u2013&#8230;<\/p>","protected":false},"author":1,"featured_media":0,"parent":0,"menu_order":0,"comment_status":"closed","ping_status":"closed","template":"","meta":{"_et_pb_use_builder":"on","_et_pb_old_content":"<style>\/*! elementor - v3.6.5 - 27-04-2022 *\/\n.elementor-heading-title{padding:0;margin:0;line-height:1}.elementor-widget-heading .elementor-heading-title[class*=elementor-size-]>a{color:inherit;font-size:inherit;line-height:inherit}.elementor-widget-heading .elementor-heading-title.elementor-size-small{font-size:15px}.elementor-widget-heading .elementor-heading-title.elementor-size-medium{font-size:19px}.elementor-widget-heading .elementor-heading-title.elementor-size-large{font-size:29px}.elementor-widget-heading .elementor-heading-title.elementor-size-xl{font-size:39px}.elementor-widget-heading .elementor-heading-title.elementor-size-xxl{font-size:59px}<\/style><h3>Smo rasto\u010de privatno podjetje z vizijo, tradicijo in bogatimi izku\u0161njami na podro\u010dju mednarodnih prevozov.<\/h3>\t\t\n\t\t\t<style>\/*! elementor - v3.6.5 - 27-04-2022 *\/\n.elementor-widget-divider{--divider-border-style:none;--divider-border-width:1px;--divider-color:#2c2c2c;--divider-icon-size:20px;--divider-element-spacing:10px;--divider-pattern-height:24px;--divider-pattern-size:20px;--divider-pattern-url:none;--divider-pattern-repeat:repeat-x}.elementor-widget-divider .elementor-divider{display:-webkit-box;display:-ms-flexbox;display:flex}.elementor-widget-divider .elementor-divider__text{font-size:15px;line-height:1;max-width:95%}.elementor-widget-divider .elementor-divider__element{margin:0 var(--divider-element-spacing);-ms-flex-negative:0;flex-shrink:0}.elementor-widget-divider .elementor-icon{font-size:var(--divider-icon-size)}.elementor-widget-divider .elementor-divider-separator{display:-webkit-box;display:-ms-flexbox;display:flex;margin:0;direction:ltr}.elementor-widget-divider--view-line_icon .elementor-divider-separator,.elementor-widget-divider--view-line_text .elementor-divider-separator{-webkit-box-align:center;-ms-flex-align:center;align-items:center}.elementor-widget-divider--view-line_icon .elementor-divider-separator:after,.elementor-widget-divider--view-line_icon .elementor-divider-separator:before,.elementor-widget-divider--view-line_text .elementor-divider-separator:after,.elementor-widget-divider--view-line_text .elementor-divider-separator:before{display:block;content:\"\";border-bottom:0;-webkit-box-flex:1;-ms-flex-positive:1;flex-grow:1;border-top:var(--divider-border-width) var(--divider-border-style) var(--divider-color)}.elementor-widget-divider--element-align-left .elementor-divider .elementor-divider-separator>.elementor-divider__svg:first-of-type{-webkit-box-flex:0;-ms-flex-positive:0;flex-grow:0;-ms-flex-negative:100;flex-shrink:100}.elementor-widget-divider--element-align-left .elementor-divider-separator:before{content:none}.elementor-widget-divider--element-align-left .elementor-divider__element{margin-left:0}.elementor-widget-divider--element-align-right .elementor-divider .elementor-divider-separator>.elementor-divider__svg:last-of-type{-webkit-box-flex:0;-ms-flex-positive:0;flex-grow:0;-ms-flex-negative:100;flex-shrink:100}.elementor-widget-divider--element-align-right .elementor-divider-separator:after{content:none}.elementor-widget-divider--element-align-right .elementor-divider__element{margin-right:0}.elementor-widget-divider:not(.elementor-widget-divider--view-line_text):not(.elementor-widget-divider--view-line_icon) .elementor-divider-separator{border-top:var(--divider-border-width) var(--divider-border-style) var(--divider-color)}.elementor-widget-divider--separator-type-pattern{--divider-border-style:none}.elementor-widget-divider--separator-type-pattern.elementor-widget-divider--view-line .elementor-divider-separator,.elementor-widget-divider--separator-type-pattern:not(.elementor-widget-divider--view-line) .elementor-divider-separator:after,.elementor-widget-divider--separator-type-pattern:not(.elementor-widget-divider--view-line) .elementor-divider-separator:before,.elementor-widget-divider--separator-type-pattern:not([class*=elementor-widget-divider--view]) .elementor-divider-separator{width:100%;min-height:var(--divider-pattern-height);-webkit-mask-size:var(--divider-pattern-size) 100%;mask-size:var(--divider-pattern-size) 100%;-webkit-mask-repeat:var(--divider-pattern-repeat);mask-repeat:var(--divider-pattern-repeat);background-color:var(--divider-color);-webkit-mask-image:var(--divider-pattern-url);mask-image:var(--divider-pattern-url)}.elementor-widget-divider--no-spacing{--divider-pattern-size:auto}.elementor-widget-divider--bg-round{--divider-pattern-repeat:round}.rtl .elementor-widget-divider .elementor-divider__text{direction:rtl}<\/style>\t\t\n\t\t<p>Podjetje T-Pirc d.o.o. Neb\u010deva 104, Lavrica 1291 \u0160kofljica, je bilo <strong>ustanovljeno leta 1992<\/strong>. Ustanovitelj in lastnik je <strong>Pirc Miro<\/strong>. V letu 2009 podjetje zaposluje 15 delavcev.<\/p><p>V sedemnajstih letih smo pridobili bogate izku\u0161nje. Danes lahko na\u0161im strankam nudimo <strong>kvaliteten in hiter servis na podro\u010dju mednarodnega transporta in logistike.<\/strong> Ponujamo Vam sodobna vozila z zanesljivimi vozniki. Vozila so stara v povpre\u010dju 3 leta in opremljena s <strong>sodobnim navigacijskim sistemom<\/strong>, to pa pomeni da je verjetnost okvar majhna in bo va\u0161e blago ob dogovorjenem \u010dasu na dogovorjenem mestu.<\/p><p>V letu 2008 smo odprli novo poslovalnico na Drenovem Gri\u010du. Tu imamo tudi<strong> lastno skladi\u0161\u010de<\/strong>, kjer zbiramo po\u0161iljke za razne kupce in destinacije. Razpolagamo z cca 600 m2 pokritih skladi\u0161\u010dnih povr\u0161in in cca 2000 m2 odkritih skladi\u0161\u010dnih povr\u0161in namenjenih blagu, ki ni pod carinskim nadzorom. Na tej lokaciji imamo tudi hi\u0161o v kateri oddajamo sobe za delavce in<strong> lokal v katerem se lahko okrep\u010date.<\/strong><\/p><p>V na\u0161i organizaciji dela tudi veliko stalnih kooperantov, katere <strong>skrbno izbiramo in spremljamo njihovo delo<\/strong>.<\/p>\t\t\n\t\t\t<style>\/*! elementor - v3.6.5 - 27-04-2022 *\/\n.elementor-counter .elementor-counter-number-wrapper{display:-webkit-box;display:-ms-flexbox;display:flex;font-size:69px;font-weight:600;line-height:1}.elementor-counter .elementor-counter-number-prefix,.elementor-counter .elementor-counter-number-suffix{-webkit-box-flex:1;-ms-flex-positive:1;flex-grow:1;white-space:pre-wrap}.elementor-counter .elementor-counter-number-prefix{text-align:right}.elementor-counter .elementor-counter-number-suffix{text-align:left}.elementor-counter .elementor-counter-title{text-align:center;font-size:19px;font-weight:400;line-height:2.5}<\/style>\t\t\n\t\t\t\t0\n\t\t\t\t\t\t\traznolikih vozil \n\t\t\t\t0\n\t\t\t\t\t\t\tlet izku\u0161enj \n\t\t\t\t0\n\t\t\t\t+\n\t\t\t\t\t\t\t m2 skladi\u0161\u010dnih povr\u0161in\n\t\t\t<h4>Cilj na\u0161ega podjetja <\/h4>\t\t\n\t\t<p><strong>kakovostna organizacija in izvedba transporta<\/strong> ter neprestano odzivanje na potrebe na\u0161ih strank z vozili, ki ustrezajo najstro\u017ejim ekolo\u0161kim kriterijem.<\/p>\t\t\n\t\t\t<h4>Blago preva\u017eamo z lastnimi vozili <\/h4>\t\t\n\t\t<p>Na\u0161 vozni park trenutno obsega<strong> 14 raznolikih vozil in sicer od vla\u010dilcev in priklopnikov, do manj\u0161ih kamionov,<\/strong> ki so namenjeni za prevoz manj\u0161ih in hitrih po\u0161iljk. Za manj\u0161e po\u0161iljke, do katerih je dostop s tovornim vozilom nemogo\u010d pa imamo <strong>kombi nosilnosti 1400 kg.<\/strong><\/p>","_et_gb_content_width":"","_monsterinsights_skip_tracking":false,"_monsterinsights_sitenote_active":false,"_monsterinsights_sitenote_note":"","_monsterinsights_sitenote_category":0,"site-sidebar-layout":"no-sidebar","site-content-layout":"page-builder","ast-global-header-display":"","ast-main-header-display":"","ast-hfb-above-header-display":"","ast-hfb-below-header-display":"","ast-hfb-mobile-header-display":"","site-post-title":"disabled","ast-breadcrumbs-content":"","ast-featured-img":"disabled","footer-sml-layout":"","theme-transparent-header-meta":"enabled","adv-header-id-meta":"","stick-header-meta":"","header-above-stick-meta":"","header-main-stick-meta":"","header-below-stick-meta":"","footnotes":""},"class_list":["post-25218","page","type-page","status-publish","hentry"],"aioseo_notices":[],"_links":{"self":[{"href":"https:\/\/t-pirc.si\/en\/wp-json\/wp\/v2\/pages\/25218","targetHints":{"allow":["GET"]}}],"collection":[{"href":"https:\/\/t-pirc.si\/en\/wp-json\/wp\/v2\/pages"}],"about":[{"href":"https:\/\/t-pirc.si\/en\/wp-json\/wp\/v2\/types\/page"}],"author":[{"embeddable":true,"href":"https:\/\/t-pirc.si\/en\/wp-json\/wp\/v2\/users\/1"}],"replies":[{"embeddable":true,"href":"https:\/\/t-pirc.si\/en\/wp-json\/wp\/v2\/comments?post=25218"}],"version-history":[{"count":59,"href":"https:\/\/t-pirc.si\/en\/wp-json\/wp\/v2\/pages\/25218\/revisions"}],"predecessor-version":[{"id":25724,"href":"https:\/\/t-pirc.si\/en\/wp-json\/wp\/v2\/pages\/25218\/revisions\/25724"}],"wp:attachment":[{"href":"https:\/\/t-pirc.si\/en\/wp-json\/wp\/v2\/media?parent=25218"}],"curies":[{"name":"wp","href":"https:\/\/api.w.org\/{rel}","templated":true}]}}